{"id":21,"date":"2017-05-16T13:52:46","date_gmt":"2017-05-16T13:52:46","guid":{"rendered":"http:\/\/www.scoutcaph.es\/agrupacion\/?page_id=21"},"modified":"2025-03-07T09:47:45","modified_gmt":"2025-03-07T08:47:45","slug":"caph","status":"publish","type":"page","link":"https:\/\/www.scoutcaph.es\/agrupacion\/caph\/","title":{"rendered":"Grupo Scout Caph"},"content":{"rendered":"<p style=\"text-align: center;\"><img data-recalc-dims=\"1\" loading=\"lazy\" decoding=\"async\" class=\"size-medium wp-image-22 alignright\" src=\"https:\/\/i0.wp.com\/www.scoutcaph.es\/agrupacion\/wp-content\/uploads\/2017\/05\/Grupo-Scout-Caph-2016-1024x613.jpg?resize=300%2C180&#038;ssl=1\" alt=\"\" width=\"300\" height=\"180\" srcset=\"https:\/\/i0.wp.com\/www.scoutcaph.es\/agrupacion\/wp-content\/uploads\/2017\/05\/Grupo-Scout-Caph-2016-1024x613.jpg?resize=300%2C180&amp;ssl=1 300w, https:\/\/i0.wp.com\/www.scoutcaph.es\/agrupacion\/wp-content\/uploads\/2017\/05\/Grupo-Scout-Caph-2016-1024x613.jpg?resize=768%2C460&amp;ssl=1 768w, https:\/\/i0.wp.com\/www.scoutcaph.es\/agrupacion\/wp-content\/uploads\/2017\/05\/Grupo-Scout-Caph-2016-1024x613.jpg?resize=1024%2C613&amp;ssl=1 1024w\" sizes=\"auto, (max-width: 300px) 100vw, 300px\" \/><\/p>\n<p style=\"text-align: left;\">El <strong>Grupo Scout Caph<\/strong> se cre\u00f3 en el a\u00f1o 1976 \u00a0de la mano del Salesiano Juan L. Sevillano junto con varios j\u00f3venes del Barrio de Llaranes (Avil\u00e9s)<\/p>\n<p>Cuando los salesianos se trasladaron al <strong>Colegio Santo \u00c1ngel<\/strong> el Grupo Scout Caph tambi\u00e9n se instal\u00f3 all\u00ed y desde entonces ha podido educar en el tiempo libre a miles de ni\u00f1os, ni\u00f1as y j\u00f3venes de Avil\u00e9s y comarca en estos m\u00e1s de 40 a\u00f1os de vida.<\/p>\n<p>Actualmente son miembros del grupo m\u00e1s de 120 scouts de entre 6 y 21 a\u00f1os, que cuentan con el acompa\u00f1amiento de un equipo de responsables voluntarios en todas las ramas del escultismo (Castores, Lobatos, Exploradores, Pioneros y Rutas)<\/p>\n<p>Si quieres contactar con el Grupo Scout Caph puedes encontrarnos en:<\/p>\n<p><strong><a href=\"mailto:hola@scoutcaph.es\">hola@scoutcaph.es<\/a><\/strong><\/p>\n<p><strong>Grupo Scout Caph <\/strong><br \/>\nColegio Salesianos Santo \u00c1ngel<br \/>\nC\/ La Goleta, 23<br \/>\n33.400 &#8211; Avil\u00e9s<\/p>\n<p><strong>Twitter:<\/strong> <a href=\"http:\/\/x.com\/ScoutCaph\">http:\/\/twitter.com\/ScoutCaph<\/a><br \/>\n<strong>Facebook:<\/strong> <a href=\"http:\/\/www.facebook.com\/ScoutCaph\">http:\/\/www.facebook.com\/ScoutCaph<\/a><\/p>\n","protected":false},"excerpt":{"rendered":"<p>El Grupo Scout Caph se cre\u00f3 en el a\u00f1o 1976 \u00a0de la mano del Salesiano Juan L. Sevillano junto con varios j\u00f3venes del Barrio de Llaranes (Avil\u00e9s) Cuando los salesianos se trasladaron al Colegio Santo \u00c1ngel el Grupo Scout Caph tambi\u00e9n se instal\u00f3 all\u00ed y desde entonces ha podido educar en el tiempo libre a [&hellip;]<\/p>\n","protected":false},"author":1,"featured_media":23,"parent":0,"menu_order":0,"comment_status":"closed","ping_status":"closed","template":"","meta":{"jetpack_post_was_ever_published":false,"footnotes":""},"class_list":["post-21","page","type-page","status-publish","has-post-thumbnail","czr-hentry"],"jetpack_sharing_enabled":true,"jetpack_shortlink":"https:\/\/wp.me\/P8IKPJ-l","_links":{"self":[{"href":"https:\/\/www.scoutcaph.es\/agrupacion\/wp-json\/wp\/v2\/pages\/21","targetHints":{"allow":["GET"]}}],"collection":[{"href":"https:\/\/www.scoutcaph.es\/agrupacion\/wp-json\/wp\/v2\/pages"}],"about":[{"href":"https:\/\/www.scoutcaph.es\/agrupacion\/wp-json\/wp\/v2\/types\/page"}],"author":[{"embeddable":true,"href":"https:\/\/www.scoutcaph.es\/agrupacion\/wp-json\/wp\/v2\/users\/1"}],"replies":[{"embeddable":true,"href":"https:\/\/www.scoutcaph.es\/agrupacion\/wp-json\/wp\/v2\/comments?post=21"}],"version-history":[{"count":1,"href":"https:\/\/www.scoutcaph.es\/agrupacion\/wp-json\/wp\/v2\/pages\/21\/revisions"}],"predecessor-version":[{"id":929,"href":"https:\/\/www.scoutcaph.es\/agrupacion\/wp-json\/wp\/v2\/pages\/21\/revisions\/929"}],"wp:featuredmedia":[{"embeddable":true,"href":"https:\/\/www.scoutcaph.es\/agrupacion\/wp-json\/wp\/v2\/media\/23"}],"wp:attachment":[{"href":"https:\/\/www.scoutcaph.es\/agrupacion\/wp-json\/wp\/v2\/media?parent=21"}],"curies":[{"name":"wp","href":"https:\/\/api.w.org\/{rel}","templated":true}]}}