{"id":246,"date":"2017-10-23T13:41:24","date_gmt":"2017-10-23T11:41:24","guid":{"rendered":"http:\/\/www.scoutcaph.es\/agrupacion\/?page_id=246"},"modified":"2025-03-07T09:47:30","modified_gmt":"2025-03-07T08:47:30","slug":"otras-agrupaciones","status":"publish","type":"page","link":"https:\/\/www.scoutcaph.es\/agrupacion\/otras-agrupaciones\/","title":{"rendered":"Otras Agrupaciones Ruta"},"content":{"rendered":"<p>Dentro de <strong>Scouts MSC<\/strong>, adem\u00e1s de la <strong>Agrupaci\u00f3n Ruta Arrakis<\/strong>, existen actualmente <strong>4<\/strong> Agrupaciones Ruta m\u00e1s constituidas:<\/p>\n<ul>\n<li><strong>Agrupaci\u00f3n Ruta Salamanca<\/strong>\n<ul>\n<li><a href=\"https:\/\/x.com\/rutasalamanca\">https:\/\/twitter.com\/rutasalamanca<\/a><\/li>\n<li><a href=\"https:\/\/www.facebook.com\/profile.php?id=100064543098463\">https:\/\/www.facebook.com\/profile.php?id=100064543098463<\/a><\/li>\n<li><a href=\"http:\/\/protagonizaturuta.blogspot.com.es\/\">http:\/\/protagonizaturuta.blogspot.com.es\/<\/a><\/li>\n<\/ul>\n<\/li>\n<li><strong>Agrupaci\u00f3n Ruta de la Osa Mayor (Madrid)<\/strong>\n<ul>\n<li><a href=\"https:\/\/x.com\/rdelaosamayor\">https:\/\/twitter.com\/rdelaosamayor<\/a><\/li>\n<li><a href=\"https:\/\/www.facebook.com\/AgrupacionRutaSdM\/\">https:\/\/www.facebook.com\/AgrupacionRutaSdM\/<\/a><\/li>\n<li><a href=\"https:\/\/rutadelaosamayor.wordpress.com\/\">https:\/\/rutadelaosamayor.wordpress.com\/<\/a><\/li>\n<\/ul>\n<\/li>\n<li><strong>Agrupaci\u00f3n Lys (Albacete)<\/strong>\n<ul>\n<li>https:\/\/www.facebook.com\/Agrupaci%C3%B3n-Lys-Scouts-MSC-Albacete-956711654413523\/<\/li>\n<li><a href=\"https:\/\/www.facebook.com\/Agrupaci%C3%B3n-Lys-Scouts-MSC-Albacete-956711654413523\/\">https:\/\/www.facebook.com\/Agrupaci%C3%B3n-Lys-Scouts-MSC-Albacete-956711654413523\/<\/a><\/li>\n<\/ul>\n<\/li>\n<li><strong>Agrupaci\u00f3n Ruta Guadiana (Ciudad Real)<\/strong>\n<ul>\n<li><a href=\"https:\/\/web.archive.org\/web\/20161225035425\/http:\/\/adecr.com\/index.php\/actualidad-adecr\/entry\/nace-la-agrupacion-la-ruta-del-guadiana\">http:\/\/www.adecr.com\/index.php\/actualidad-adecr\/entry\/nace-la-agrupacion-la-ruta-del-guadiana<\/a><\/li>\n<\/ul>\n<\/li>\n<\/ul>\n<p>&nbsp;<\/p>\n","protected":false},"excerpt":{"rendered":"<p>Dentro de Scouts MSC, adem\u00e1s de la Agrupaci\u00f3n Ruta Arrakis, existen actualmente 4 Agrupaciones Ruta m\u00e1s constituidas: Agrupaci\u00f3n Ruta Salamanca https:\/\/twitter.com\/rutasalamanca https:\/\/www.facebook.com\/profile.php?id=100064543098463 http:\/\/protagonizaturuta.blogspot.com.es\/ Agrupaci\u00f3n Ruta de la Osa Mayor (Madrid) https:\/\/twitter.com\/rdelaosamayor https:\/\/www.facebook.com\/AgrupacionRutaSdM\/ https:\/\/rutadelaosamayor.wordpress.com\/ Agrupaci\u00f3n Lys (Albacete) https:\/\/www.facebook.com\/Agrupaci%C3%B3n-Lys-Scouts-MSC-Albacete-956711654413523\/ https:\/\/www.facebook.com\/Agrupaci%C3%B3n-Lys-Scouts-MSC-Albacete-956711654413523\/ Agrupaci\u00f3n Ruta Guadiana (Ciudad Real) http:\/\/www.adecr.com\/index.php\/actualidad-adecr\/entry\/nace-la-agrupacion-la-ruta-del-guadiana &nbsp;<\/p>\n","protected":false},"author":1,"featured_media":0,"parent":0,"menu_order":0,"comment_status":"closed","ping_status":"closed","template":"","meta":{"jetpack_post_was_ever_published":false,"footnotes":""},"class_list":["post-246","page","type-page","status-publish","czr-hentry"],"jetpack_sharing_enabled":true,"jetpack_shortlink":"https:\/\/wp.me\/P8IKPJ-3Y","_links":{"self":[{"href":"https:\/\/www.scoutcaph.es\/agrupacion\/wp-json\/wp\/v2\/pages\/246","targetHints":{"allow":["GET"]}}],"collection":[{"href":"https:\/\/www.scoutcaph.es\/agrupacion\/wp-json\/wp\/v2\/pages"}],"about":[{"href":"https:\/\/www.scoutcaph.es\/agrupacion\/wp-json\/wp\/v2\/types\/page"}],"author":[{"embeddable":true,"href":"https:\/\/www.scoutcaph.es\/agrupacion\/wp-json\/wp\/v2\/users\/1"}],"replies":[{"embeddable":true,"href":"https:\/\/www.scoutcaph.es\/agrupacion\/wp-json\/wp\/v2\/comments?post=246"}],"version-history":[{"count":5,"href":"https:\/\/www.scoutcaph.es\/agrupacion\/wp-json\/wp\/v2\/pages\/246\/revisions"}],"predecessor-version":[{"id":928,"href":"https:\/\/www.scoutcaph.es\/agrupacion\/wp-json\/wp\/v2\/pages\/246\/revisions\/928"}],"wp:attachment":[{"href":"https:\/\/www.scoutcaph.es\/agrupacion\/wp-json\/wp\/v2\/media?parent=246"}],"curies":[{"name":"wp","href":"https:\/\/api.w.org\/{rel}","templated":true}]}}