{"id":30,"date":"2017-05-16T13:57:02","date_gmt":"2017-05-16T11:57:02","guid":{"rendered":"http:\/\/www.scoutcaph.es\/agrupacion\/?page_id=30"},"modified":"2017-12-15T08:55:41","modified_gmt":"2017-12-15T07:55:41","slug":"la-agrupacion","status":"publish","type":"page","link":"https:\/\/www.scoutcaph.es\/agrupacion\/la-agrupacion\/","title":{"rendered":"La Agrupaci\u00f3n Ruta Arrakis"},"content":{"rendered":"<p><a href=\"https:\/\/www.scoutcaph.es\/agrupacion\/la-agrupacion\/arrakis\/\" rel=\"attachment wp-att-160\"><img data-recalc-dims=\"1\" loading=\"lazy\" decoding=\"async\" class=\"alignright wp-image-160 size-full\" src=\"https:\/\/i0.wp.com\/www.scoutcaph.es\/agrupacion\/wp-content\/uploads\/2017\/05\/arrakis.jpg?resize=484%2C332&#038;ssl=1\" alt=\"\" width=\"484\" height=\"332\" srcset=\"https:\/\/i0.wp.com\/www.scoutcaph.es\/agrupacion\/wp-content\/uploads\/2017\/05\/arrakis.jpg?w=484&amp;ssl=1 484w, https:\/\/i0.wp.com\/www.scoutcaph.es\/agrupacion\/wp-content\/uploads\/2017\/05\/arrakis.jpg?resize=150%2C103&amp;ssl=1 150w, https:\/\/i0.wp.com\/www.scoutcaph.es\/agrupacion\/wp-content\/uploads\/2017\/05\/arrakis.jpg?resize=300%2C206&amp;ssl=1 300w\" sizes=\"auto, (max-width: 484px) 100vw, 484px\" \/><\/a><\/p>\n<h4>La <strong>Agrupaci\u00f3n Ruta Arrakis<\/strong> es una organizaci\u00f3n formada por los j\u00f3venes en Edad Ruta de los <strong>Grupos Scouts Caph y Santo Tom\u00e1s<\/strong> que, siguiendo la <strong>Propuesta Ruta del Programa de J\u00f3venes de Scouts MSC<\/strong>, se juntan para desarrollar su etapa ruta de forma comunitaria.<\/h4>\n<p>La <strong>Agrupaci\u00f3n Ruta Arrakis<\/strong> se constituy\u00f3 formalmente el <strong>16 de Septiembre de 2017<\/strong> en una Asamblea Constituyente celebrada en el <strong>Colegio Salesianos Santo \u00c1ngel de Avil\u00e9s<\/strong>.<\/p>\n<p>La <strong>Agrupaci\u00f3n Ruta Arrakis<\/strong> debe su nombre a la <strong>estrella de Arrakis, de la constelaci\u00f3n de Draco (\u03bc Draconis). El Sistema Arrakis\u00a0<\/strong>es un sistema estelar formado por dos estrellas, que simboliza a los dos\u00a0Grupos Scouts que constituyen la agrupaci\u00f3n.<\/p>\n<p>La <strong>Constelaci\u00f3n de Draco<\/strong>, es una constelaci\u00f3n circumpolar en el hemisferio norte (que nunca se pone) <strong>por lo que es visible en cualquier \u00e9poca del a\u00f1o desde nuestro hemisferio.<\/strong><\/p>\n<p><img data-recalc-dims=\"1\" loading=\"lazy\" decoding=\"async\" class=\"size-medium wp-image-159 alignleft\" src=\"https:\/\/i0.wp.com\/www.scoutcaph.es\/agrupacion\/wp-content\/uploads\/2017\/05\/IMG-20170920-WA0000.jpg?resize=132%2C300&#038;ssl=1\" alt=\"\" width=\"132\" height=\"300\" srcset=\"https:\/\/i0.wp.com\/www.scoutcaph.es\/agrupacion\/wp-content\/uploads\/2017\/05\/IMG-20170920-WA0000.jpg?resize=132%2C300&amp;ssl=1 132w, https:\/\/i0.wp.com\/www.scoutcaph.es\/agrupacion\/wp-content\/uploads\/2017\/05\/IMG-20170920-WA0000.jpg?resize=66%2C150&amp;ssl=1 66w, https:\/\/i0.wp.com\/www.scoutcaph.es\/agrupacion\/wp-content\/uploads\/2017\/05\/IMG-20170920-WA0000.jpg?w=332&amp;ssl=1 332w\" sizes=\"auto, (max-width: 132px) 100vw, 132px\" \/><\/p>\n<p>&nbsp;<\/p>\n<p>&nbsp;<\/p>\n<h4>Los <strong>colores de la pa\u00f1oleta<\/strong> <strong>son el Negro<\/strong> que simboliza el cielo negro en una noche estrellada y el esp\u00edritu de lucha y sacrificio<br \/>\nminero de Asturias, <strong>y el Aguamarina<\/strong> que simboliza la suma de<br \/>\nla mar y los bosques tan caracter\u00edsticos de nuestra tierra.<\/h4>\n","protected":false},"excerpt":{"rendered":"<p>La Agrupaci\u00f3n Ruta Arrakis es una organizaci\u00f3n formada por los j\u00f3venes en Edad Ruta de los Grupos Scouts Caph y Santo Tom\u00e1s que, siguiendo la Propuesta Ruta del Programa de J\u00f3venes de Scouts MSC, se juntan para desarrollar su etapa ruta de forma comunitaria. La Agrupaci\u00f3n Ruta Arrakis se constituy\u00f3 formalmente el 16 de Septiembre [&hellip;]<\/p>\n","protected":false},"author":1,"featured_media":327,"parent":0,"menu_order":0,"comment_status":"closed","ping_status":"closed","template":"","meta":{"jetpack_post_was_ever_published":false,"footnotes":""},"class_list":["post-30","page","type-page","status-publish","has-post-thumbnail","czr-hentry"],"jetpack_sharing_enabled":true,"jetpack_shortlink":"https:\/\/wp.me\/P8IKPJ-u","_links":{"self":[{"href":"https:\/\/www.scoutcaph.es\/agrupacion\/wp-json\/wp\/v2\/pages\/30","targetHints":{"allow":["GET"]}}],"collection":[{"href":"https:\/\/www.scoutcaph.es\/agrupacion\/wp-json\/wp\/v2\/pages"}],"about":[{"href":"https:\/\/www.scoutcaph.es\/agrupacion\/wp-json\/wp\/v2\/types\/page"}],"author":[{"embeddable":true,"href":"https:\/\/www.scoutcaph.es\/agrupacion\/wp-json\/wp\/v2\/users\/1"}],"replies":[{"embeddable":true,"href":"https:\/\/www.scoutcaph.es\/agrupacion\/wp-json\/wp\/v2\/comments?post=30"}],"version-history":[{"count":0,"href":"https:\/\/www.scoutcaph.es\/agrupacion\/wp-json\/wp\/v2\/pages\/30\/revisions"}],"wp:featuredmedia":[{"embeddable":true,"href":"https:\/\/www.scoutcaph.es\/agrupacion\/wp-json\/wp\/v2\/media\/327"}],"wp:attachment":[{"href":"https:\/\/www.scoutcaph.es\/agrupacion\/wp-json\/wp\/v2\/media?parent=30"}],"curies":[{"name":"wp","href":"https:\/\/api.w.org\/{rel}","templated":true}]}}