{"id":41,"date":"2017-05-16T14:02:44","date_gmt":"2017-05-16T14:02:44","guid":{"rendered":"http:\/\/www.scoutcaph.es\/agrupacion\/?page_id=41"},"modified":"2017-12-15T08:57:16","modified_gmt":"2017-12-15T07:57:16","slug":"ronda-17-18","status":"publish","type":"page","link":"https:\/\/www.scoutcaph.es\/agrupacion\/ronda-17-18\/","title":{"rendered":"Ronda 2017\/2018"},"content":{"rendered":"<p><a href=\"https:\/\/www.scoutcaph.es\/agrupacion\/la-agrupacion\/img-20170920-wa0000\/\" rel=\"attachment wp-att-159\"><img data-recalc-dims=\"1\" loading=\"lazy\" decoding=\"async\" class=\"alignright size-medium wp-image-159\" src=\"https:\/\/i0.wp.com\/www.scoutcaph.es\/agrupacion\/wp-content\/uploads\/2017\/05\/IMG-20170920-WA0000.jpg?resize=132%2C300&#038;ssl=1\" alt=\"\" width=\"132\" height=\"300\" srcset=\"https:\/\/i0.wp.com\/www.scoutcaph.es\/agrupacion\/wp-content\/uploads\/2017\/05\/IMG-20170920-WA0000.jpg?resize=132%2C300&amp;ssl=1 132w, https:\/\/i0.wp.com\/www.scoutcaph.es\/agrupacion\/wp-content\/uploads\/2017\/05\/IMG-20170920-WA0000.jpg?resize=66%2C150&amp;ssl=1 66w, https:\/\/i0.wp.com\/www.scoutcaph.es\/agrupacion\/wp-content\/uploads\/2017\/05\/IMG-20170920-WA0000.jpg?w=332&amp;ssl=1 332w\" sizes=\"auto, (max-width: 132px) 100vw, 132px\" \/><\/a>En esta <strong>Ronda 2017\/2018<\/strong> forman a la <strong>Agrupaci\u00f3n Ruta Arrakis 13 j\u00f3venes<\/strong>, con el acompa\u00f1amiento de <strong>3 animadores<\/strong><\/p>\n<ul>\n<li>Provenientes del <strong>Grupo Scout Caph:<\/strong>\n<ol>\n<li>David<\/li>\n<li>\u00c1lvaro<\/li>\n<li>Carlos<\/li>\n<li>Michael<\/li>\n<li>Ana<\/li>\n<li>Diego S.<\/li>\n<li>Alicia<\/li>\n<li>Luc\u00eda<\/li>\n<li>Marta<\/li>\n<li>Pablo<\/li>\n<\/ol>\n<\/li>\n<li>Provenientes del <strong>Grupo Scout Santo Tom\u00e1s:<\/strong>\n<ol>\n<li>Camila<\/li>\n<li>Diego D.<\/li>\n<li>Armando<\/li>\n<\/ol>\n<\/li>\n<li><strong>Animadores:<\/strong>\n<ol>\n<li>Txavi (GS Caph)<\/li>\n<li>Fedra (GS Santo Tom\u00e1s)<\/li>\n<li>Rober (Apoyo &#8211; GS Caph)<\/li>\n<\/ol>\n<\/li>\n<li><strong>Sacerdote Acompa\u00f1ante<\/strong>\n<ol>\n<li>Jose Manuel (GS Santo Tom\u00e1s)<\/li>\n<\/ol>\n<\/li>\n<\/ul>\n<p>&nbsp;<\/p>\n<p>Pod\u00e9is ver qui\u00e9n forma el <a href=\"https:\/\/www.scoutcaph.es\/agrupacion\/ronda-17-18\/consejo\/\"><strong>Consejo de Agrupaci\u00f3n<\/strong>\u00a0aqu\u00ed<\/a> y conocer los <a href=\"https:\/\/www.scoutcaph.es\/agrupacion\/ronda-17-18\/clanes\/\"><strong>Clanes que forman la Agrupaci\u00f3n<\/strong> aqu\u00ed<\/a>.<\/p>\n","protected":false},"excerpt":{"rendered":"<p>En esta Ronda 2017\/2018 forman a la Agrupaci\u00f3n Ruta Arrakis 13 j\u00f3venes, con el acompa\u00f1amiento de 3 animadores Provenientes del Grupo Scout Caph: David \u00c1lvaro Carlos Michael Ana Diego S. Alicia Luc\u00eda Marta Pablo Provenientes del Grupo Scout Santo Tom\u00e1s: Camila Diego D. Armando Animadores: Txavi (GS Caph) Fedra (GS Santo Tom\u00e1s) Rober (Apoyo &#8211; [&hellip;]<\/p>\n","protected":false},"author":1,"featured_media":327,"parent":0,"menu_order":0,"comment_status":"closed","ping_status":"closed","template":"","meta":{"jetpack_post_was_ever_published":false,"footnotes":""},"class_list":["post-41","page","type-page","status-publish","has-post-thumbnail","czr-hentry"],"jetpack_sharing_enabled":true,"jetpack_shortlink":"https:\/\/wp.me\/P8IKPJ-F","_links":{"self":[{"href":"https:\/\/www.scoutcaph.es\/agrupacion\/wp-json\/wp\/v2\/pages\/41","targetHints":{"allow":["GET"]}}],"collection":[{"href":"https:\/\/www.scoutcaph.es\/agrupacion\/wp-json\/wp\/v2\/pages"}],"about":[{"href":"https:\/\/www.scoutcaph.es\/agrupacion\/wp-json\/wp\/v2\/types\/page"}],"author":[{"embeddable":true,"href":"https:\/\/www.scoutcaph.es\/agrupacion\/wp-json\/wp\/v2\/users\/1"}],"replies":[{"embeddable":true,"href":"https:\/\/www.scoutcaph.es\/agrupacion\/wp-json\/wp\/v2\/comments?post=41"}],"version-history":[{"count":0,"href":"https:\/\/www.scoutcaph.es\/agrupacion\/wp-json\/wp\/v2\/pages\/41\/revisions"}],"wp:featuredmedia":[{"embeddable":true,"href":"https:\/\/www.scoutcaph.es\/agrupacion\/wp-json\/wp\/v2\/media\/327"}],"wp:attachment":[{"href":"https:\/\/www.scoutcaph.es\/agrupacion\/wp-json\/wp\/v2\/media?parent=41"}],"curies":[{"name":"wp","href":"https:\/\/api.w.org\/{rel}","templated":true}]}}