{"id":48,"date":"2017-05-16T14:06:44","date_gmt":"2017-05-16T14:06:44","guid":{"rendered":"http:\/\/www.scoutcaph.es\/agrupacion\/?page_id=48"},"modified":"2022-11-09T12:40:58","modified_gmt":"2022-11-09T11:40:58","slug":"pdj","status":"publish","type":"page","link":"https:\/\/www.scoutcaph.es\/agrupacion\/pdj\/","title":{"rendered":"El Programa de J\u00f3venes de Scouts MSC"},"content":{"rendered":"<p><img data-recalc-dims=\"1\" loading=\"lazy\" decoding=\"async\" class=\"size-full wp-image-49 alignright\" src=\"https:\/\/i0.wp.com\/www.scoutcaph.es\/agrupacion\/wp-content\/uploads\/2017\/05\/pdj_logo_pc1.gif?resize=150%2C184&#038;ssl=1\" alt=\"\" width=\"150\" height=\"184\" \/><\/p>\n<p>El Programa de J\u00f3venes es la propuesta educativa de Scouts MSC que, concebida a la luz del Evangelio y articulado a trav\u00e9s del M\u00e9todo Scout, se caracteriza por:<\/p>\n<ul>\n<li>La propuesta de un sistema de valores y un compromiso de vida.<\/li>\n<li>La educaci\u00f3n a trav\u00e9s de la acci\u00f3n.<\/li>\n<li>La vida en peque\u00f1os grupos.<\/li>\n<li>El acompa\u00f1amiento adulto.<\/li>\n<li>El progreso personal.<\/li>\n<li>El uso de marcos simb\u00f3licos.<\/li>\n<li>La vida en la naturaleza.<\/li>\n<\/ul>\n<p>La propuesta\u00a0agrupa a los scouts en funci\u00f3n de su edad, y as\u00ed tenemos las siguientes Ramas:<\/p>\n<p><a href=\"https:\/\/scouts.es\/wp-content\/uploads\/2022\/06\/cartel-castores-pdj.pdf\"><img data-recalc-dims=\"1\" loading=\"lazy\" decoding=\"async\" class=\"alignright size-medium wp-image-4560\" src=\"https:\/\/i0.wp.com\/www.scoutcaph.es\/wp-content\/uploads\/2022\/11\/cartel-castores-pdj-213x300.jpg?resize=213%2C300&#038;ssl=1\" alt=\"\" width=\"213\" height=\"300\" \/><\/a><\/p>\n<h4><img data-recalc-dims=\"1\" loading=\"lazy\" decoding=\"async\" class=\"wp-image-548 alignleft\" src=\"https:\/\/i0.wp.com\/www.scoutcaph.es\/wp-content\/uploads\/2015\/10\/Castores-Scouts-MSC-300x300.png?resize=150%2C150\" alt=\"Arat - Castores PdJ\" width=\"150\" height=\"150\" \/><strong>Castores<\/strong><\/h4>\n<p>La Rama de Castores est\u00e1 formada por ni\u00f1os de 6 a 8 a\u00f1os, haci\u00e9ndolo coincidir con los cursos de 1\u00ba, 2\u00ba y 3\u00ba de primaria. Siguiendo el lema \u2018Compartir\u2019, y a trav\u00e9s del juego, los ni\u00f1os y ni\u00f1as aprender\u00e1n en esta etapa a crecer de una manera sana; a asumir las normas b\u00e1sicas de convivencia; a reconocer y valorar sus emociones y las de los dem\u00e1s; a tener una actitud activa frente al aprendizaje; a dar gracias a Dios y a los dem\u00e1s por las cosas buenas, y a empezar a valerse por s\u00ed mismos.<\/p>\n<p>&nbsp;<\/p>\n<p>&nbsp;<\/p>\n<p>&nbsp;<\/p>\n<p><a href=\"https:\/\/scouts.es\/wp-content\/uploads\/2022\/10\/esp-poster-lobatos-a1.pdf\"><img data-recalc-dims=\"1\" loading=\"lazy\" decoding=\"async\" class=\"alignright size-medium wp-image-4564\" src=\"https:\/\/i0.wp.com\/www.scoutcaph.es\/wp-content\/uploads\/2022\/11\/esp-poster-lobatos-a1-726x1024-1-213x300.jpg?resize=213%2C300&#038;ssl=1\" alt=\"\" width=\"213\" height=\"300\" \/><\/a><\/p>\n<h4><strong><img data-recalc-dims=\"1\" loading=\"lazy\" decoding=\"async\" class=\" wp-image-1353 alignleft\" src=\"https:\/\/i0.wp.com\/www.scoutcaph.es\/wp-content\/uploads\/2017\/01\/Lobatos-Scouts-MSC1-298x300-298x300.png?resize=150%2C151\" alt=\"\" width=\"150\" height=\"151\" \/>Lobatos<\/strong><\/h4>\n<p>La Rama de Lobatos est\u00e1 formada por ni\u00f1os de 9 a 11 a\u00f1os, coincidiendo con 4\u00ba, 5\u00ba y 6\u00ba de primaria. Jugando a atravesar la selva como Mowgli, los ni\u00f1os y ni\u00f1as aprenden a cuidar de s\u00ed mismos y de la naturaleza; a convivir en manada respetando las reglas; a expresar sus sentimientos respetando los de los dem\u00e1s; a analizar su entorno y afrontar los problemas con creatividad; a sentir a Jes\u00fas como un hermano, y a ayudar a los dem\u00e1s con alegr\u00eda.<\/p>\n<p>&nbsp;<\/p>\n<p>&nbsp;<\/p>\n<p>&nbsp;<\/p>\n<p><a href=\"https:\/\/scouts.es\/wp-content\/uploads\/2022\/06\/cartel-exploradores-pdj.pdf\"><img data-recalc-dims=\"1\" loading=\"lazy\" decoding=\"async\" class=\"alignright size-medium wp-image-4561\" src=\"https:\/\/i0.wp.com\/www.scoutcaph.es\/wp-content\/uploads\/2022\/11\/cartel-exploradores-pdj-212x300.jpg?resize=212%2C300&#038;ssl=1\" alt=\"\" width=\"212\" height=\"300\" \/><\/a><\/p>\n<h4><strong><img data-recalc-dims=\"1\" loading=\"lazy\" decoding=\"async\" class=\" wp-image-1355 alignleft\" src=\"https:\/\/i0.wp.com\/www.scoutcaph.es\/wp-content\/uploads\/2017\/01\/Exploradores-Scouts-MSC-300x300.png?resize=150%2C150\" alt=\"\" width=\"150\" height=\"150\" \/><\/strong><strong>Exploradores<\/strong><\/h4>\n<p>Los Exploradores son los scouts de 12 a 14 a\u00f1os, coincidiendo con 1\u00ba, 2\u00ba y 3\u00ba de ESO. En el marco simb\u00f3lico de\u00a0la grandes exploraciones, los chicos y chicas toman el protagonismo completo de su progreso personal. Que asuman su desarrollo f\u00edsico con h\u00e1bitos saludables, que identifiquen sus emociones, y que sean capaces de ponerse en el lugar del otro, o que sean buscadores de preguntas y respuestas en relaci\u00f3n a Dios, son algunos de los objetivos que alcanzar\u00e1n en esta etapa.<\/p>\n<p>&nbsp;<\/p>\n<p>&nbsp;<\/p>\n<p>&nbsp;<\/p>\n<p><a href=\"https:\/\/scouts.es\/wp-content\/uploads\/2022\/06\/cartel-pioneros-pdj-1.pdf\"><img data-recalc-dims=\"1\" loading=\"lazy\" decoding=\"async\" class=\"alignright size-medium wp-image-4562\" src=\"https:\/\/i0.wp.com\/www.scoutcaph.es\/wp-content\/uploads\/2022\/11\/cartel-pioneros-pdj-1-213x300.jpg?resize=213%2C300&#038;ssl=1\" alt=\"\" width=\"213\" height=\"300\" \/><\/a><\/p>\n<h4><strong><img data-recalc-dims=\"1\" loading=\"lazy\" decoding=\"async\" class=\" wp-image-1356 alignleft\" src=\"https:\/\/i0.wp.com\/www.scoutcaph.es\/wp-content\/uploads\/2017\/01\/Pioneros-Scouts-MSC.png?resize=150%2C149\" alt=\"\" width=\"150\" height=\"149\" \/>Pioneros<\/strong><\/h4>\n<p>Entre los 15 y los 17 a\u00f1os los j\u00f3venes forman parte de la rama de Pioneros, coincidiendo con 4\u00ba de ESO y Bachillerato. A trav\u00e9s de \u2018Expediciones\u2019 planificadas en peque\u00f1os grupos, se asumen las riendas de la gesti\u00f3n\u00a0de los propios proyectos. Es el momento de llevar a la vida diaria los valores del escultismo y el Evangelio; de poner los conocimientos y capacidades propios al servicio de los dem\u00e1s, y de experimentar a Dios en la naturaleza.<\/p>\n<p>&nbsp;<\/p>\n<p>&nbsp;<\/p>\n<p>&nbsp;<\/p>\n<p><a href=\"https:\/\/scouts.es\/wp-content\/uploads\/2022\/06\/cartel-rutas-pdj-1.pdf\"><img data-recalc-dims=\"1\" loading=\"lazy\" decoding=\"async\" class=\"alignright size-medium wp-image-4563\" src=\"https:\/\/i0.wp.com\/www.scoutcaph.es\/wp-content\/uploads\/2022\/11\/cartel-rutas-pdj-212x300.jpg?resize=212%2C300&#038;ssl=1\" alt=\"\" width=\"212\" height=\"300\" \/><\/a><\/p>\n<h4><strong><img data-recalc-dims=\"1\" loading=\"lazy\" decoding=\"async\" class=\" wp-image-1357 alignleft\" src=\"https:\/\/i0.wp.com\/www.scoutcaph.es\/wp-content\/uploads\/2017\/01\/Rutas-Scouts-MSC-300x300.png?resize=150%2C150\" alt=\"\" width=\"150\" height=\"150\" \/>Rutas<\/strong><\/h4>\n<p>Entre 18 y 21 a\u00f1os se vive la etapa Ruta. Los j\u00f3venes son acompa\u00f1ados en su transici\u00f3n a la edad adulta, de una manera individualizada. Se trata de realizar un proyecto personal de vida mientras descubren su vocaci\u00f3n vital. Los j\u00f3venes pasan de ser protagonistas de las actividades a gestores de las mismas, pudiendo experimentar y ensayar lo que como adultos van a vivir muy pronto.<\/p>\n<p>&nbsp;<\/p>\n<p>&nbsp;<\/p>\n<p>&nbsp;<\/p>\n<p>&nbsp;<\/p>\n<p>Puedes ver todos los documentos que describen al detalle nuestra propuesta educativa, desde los objetivos hasta los cuadernos de trabajo, en la secci\u00f3n de <a href=\"https:\/\/scouts.es\/propuesta-educativa\/\">Documentos del Programa de J\u00f3venes<\/a> de la web de Scouts MSC.<\/p>\n<p>&nbsp;<\/p>\n<blockquote><p>Este texto se basa en lo publicado por Scouts MSC en su p\u00e1gina web y que puedes encontrar aqu\u00ed\u00a0<a href=\"https:\/\/scouts.es\/propuesta-educativa\/\">https:\/\/scouts.es\/propuesta-educativa\/<\/a><\/p><\/blockquote>\n","protected":false},"excerpt":{"rendered":"<p>El Programa de J\u00f3venes es la propuesta educativa de Scouts MSC que, concebida a la luz del Evangelio y articulado a trav\u00e9s del M\u00e9todo Scout, se caracteriza por: La propuesta de un sistema de valores y un compromiso de vida. La educaci\u00f3n a trav\u00e9s de la acci\u00f3n. La vida en peque\u00f1os grupos. El acompa\u00f1amiento adulto. [&hellip;]<\/p>\n","protected":false},"author":1,"featured_media":49,"parent":0,"menu_order":0,"comment_status":"closed","ping_status":"closed","template":"","meta":{"jetpack_post_was_ever_published":false,"footnotes":""},"class_list":["post-48","page","type-page","status-publish","has-post-thumbnail","czr-hentry"],"jetpack_sharing_enabled":true,"jetpack_shortlink":"https:\/\/wp.me\/P8IKPJ-M","_links":{"self":[{"href":"https:\/\/www.scoutcaph.es\/agrupacion\/wp-json\/wp\/v2\/pages\/48","targetHints":{"allow":["GET"]}}],"collection":[{"href":"https:\/\/www.scoutcaph.es\/agrupacion\/wp-json\/wp\/v2\/pages"}],"about":[{"href":"https:\/\/www.scoutcaph.es\/agrupacion\/wp-json\/wp\/v2\/types\/page"}],"author":[{"embeddable":true,"href":"https:\/\/www.scoutcaph.es\/agrupacion\/wp-json\/wp\/v2\/users\/1"}],"replies":[{"embeddable":true,"href":"https:\/\/www.scoutcaph.es\/agrupacion\/wp-json\/wp\/v2\/comments?post=48"}],"version-history":[{"count":3,"href":"https:\/\/www.scoutcaph.es\/agrupacion\/wp-json\/wp\/v2\/pages\/48\/revisions"}],"predecessor-version":[{"id":766,"href":"https:\/\/www.scoutcaph.es\/agrupacion\/wp-json\/wp\/v2\/pages\/48\/revisions\/766"}],"wp:featuredmedia":[{"embeddable":true,"href":"https:\/\/www.scoutcaph.es\/agrupacion\/wp-json\/wp\/v2\/media\/49"}],"wp:attachment":[{"href":"https:\/\/www.scoutcaph.es\/agrupacion\/wp-json\/wp\/v2\/media?parent=48"}],"curies":[{"name":"wp","href":"https:\/\/api.w.org\/{rel}","templated":true}]}}