{"id":53,"date":"2017-05-16T14:07:51","date_gmt":"2017-05-16T12:07:51","guid":{"rendered":"http:\/\/www.scoutcaph.es\/agrupacion\/?page_id=53"},"modified":"2017-12-15T08:57:58","modified_gmt":"2017-12-15T07:57:58","slug":"consejo","status":"publish","type":"page","link":"https:\/\/www.scoutcaph.es\/agrupacion\/ronda-17-18\/consejo\/","title":{"rendered":"Consejo de Agrupaci\u00f3n"},"content":{"rendered":"<p><img data-recalc-dims=\"1\" loading=\"lazy\" decoding=\"async\" class=\"alignright  wp-image-321\" src=\"https:\/\/i0.wp.com\/www.scoutcaph.es\/agrupacion\/wp-content\/uploads\/2017\/12\/logo_arrakis-01.png?resize=234%2C234&#038;ssl=1\" alt=\"\" width=\"234\" height=\"234\" srcset=\"https:\/\/i0.wp.com\/www.scoutcaph.es\/agrupacion\/wp-content\/uploads\/2017\/12\/logo_arrakis-01.png?w=2363&amp;ssl=1 2363w, https:\/\/i0.wp.com\/www.scoutcaph.es\/agrupacion\/wp-content\/uploads\/2017\/12\/logo_arrakis-01.png?resize=150%2C150&amp;ssl=1 150w, https:\/\/i0.wp.com\/www.scoutcaph.es\/agrupacion\/wp-content\/uploads\/2017\/12\/logo_arrakis-01.png?resize=300%2C300&amp;ssl=1 300w, https:\/\/i0.wp.com\/www.scoutcaph.es\/agrupacion\/wp-content\/uploads\/2017\/12\/logo_arrakis-01.png?resize=768%2C768&amp;ssl=1 768w, https:\/\/i0.wp.com\/www.scoutcaph.es\/agrupacion\/wp-content\/uploads\/2017\/12\/logo_arrakis-01.png?resize=1024%2C1024&amp;ssl=1 1024w\" sizes=\"auto, (max-width: 234px) 100vw, 234px\" \/>El <strong>Consejo de la Agrupaci\u00f3n Ruta Arrakis<\/strong> para la <strong>Ronda 2017\/2018<\/strong> fue elegido en la <strong>Asamblea Constituyente de la Agrupaci\u00f3n Celebrada el 16 de Septiembre de 2017 en el Colegio Salesianos Santo \u00c1ngel (Avil\u00e9s)<\/strong> y forman parte de \u00e9l:<\/p>\n<ul>\n<li><strong>Presidente:<\/strong> David Rodr\u00edguez de la Pe\u00f1a<\/li>\n<li><strong>Vicepresidente:<\/strong> \u00c1lvaro Villota Tamayo<\/li>\n<li><strong>Secretaria:<\/strong> Camila Rius Maidana<\/li>\n<li><strong>Tesorero:<\/strong> Pablo Garc\u00eda Caso de los<\/li>\n<li><strong>Comunicaci\u00f3n:<\/strong> Ana Santos N\u00fa\u00f1ez<\/li>\n<\/ul>\n","protected":false},"excerpt":{"rendered":"<p>El Consejo de la Agrupaci\u00f3n Ruta Arrakis para la Ronda 2017\/2018 fue elegido en la Asamblea Constituyente de la Agrupaci\u00f3n Celebrada el 16 de Septiembre de 2017 en el Colegio Salesianos Santo \u00c1ngel (Avil\u00e9s) y forman parte de \u00e9l: Presidente: David Rodr\u00edguez de la Pe\u00f1a Vicepresidente: \u00c1lvaro Villota Tamayo Secretaria: Camila Rius Maidana Tesorero: Pablo [&hellip;]<\/p>\n","protected":false},"author":1,"featured_media":327,"parent":41,"menu_order":0,"comment_status":"closed","ping_status":"closed","template":"","meta":{"jetpack_post_was_ever_published":false,"footnotes":""},"class_list":["post-53","page","type-page","status-publish","has-post-thumbnail","czr-hentry"],"jetpack_sharing_enabled":true,"jetpack_shortlink":"https:\/\/wp.me\/P8IKPJ-R","_links":{"self":[{"href":"https:\/\/www.scoutcaph.es\/agrupacion\/wp-json\/wp\/v2\/pages\/53","targetHints":{"allow":["GET"]}}],"collection":[{"href":"https:\/\/www.scoutcaph.es\/agrupacion\/wp-json\/wp\/v2\/pages"}],"about":[{"href":"https:\/\/www.scoutcaph.es\/agrupacion\/wp-json\/wp\/v2\/types\/page"}],"author":[{"embeddable":true,"href":"https:\/\/www.scoutcaph.es\/agrupacion\/wp-json\/wp\/v2\/users\/1"}],"replies":[{"embeddable":true,"href":"https:\/\/www.scoutcaph.es\/agrupacion\/wp-json\/wp\/v2\/comments?post=53"}],"version-history":[{"count":0,"href":"https:\/\/www.scoutcaph.es\/agrupacion\/wp-json\/wp\/v2\/pages\/53\/revisions"}],"up":[{"embeddable":true,"href":"https:\/\/www.scoutcaph.es\/agrupacion\/wp-json\/wp\/v2\/pages\/41"}],"wp:featuredmedia":[{"embeddable":true,"href":"https:\/\/www.scoutcaph.es\/agrupacion\/wp-json\/wp\/v2\/media\/327"}],"wp:attachment":[{"href":"https:\/\/www.scoutcaph.es\/agrupacion\/wp-json\/wp\/v2\/media?parent=53"}],"curies":[{"name":"wp","href":"https:\/\/api.w.org\/{rel}","templated":true}]}}